{"id":2,"date":"2017-02-17T14:36:12","date_gmt":"2017-02-17T13:36:12","guid":{"rendered":"http:\/\/domicus.com.pl\/?page_id=2"},"modified":"2017-07-12T17:09:51","modified_gmt":"2017-07-12T15:09:51","slug":"przykladowa-strona","status":"publish","type":"page","link":"https:\/\/domicus.com.pl\/index.php\/przykladowa-strona\/","title":{"rendered":"O FIRMIE"},"content":{"rendered":"<p><strong>Firma DOMICUS Ryszard Rawski zosta\u0142a za\u0142o\u017cona przez osob\u0119 posiadaj\u0105c\u0105 licencj\u0119 zawodow\u0105 nr 11541 w zakresie zarz\u0105dzania nieruchomo\u015bciami zdobyte w trybie pe\u0142nym, po\u015bwiadczonym zdanym egzaminem pa\u0144stwowym.<\/strong><\/p>\n<p>\u221a Oferujemy pe\u0142en zakres us\u0142ug zwi\u0105zanych z zarz\u0105dzaniem i administrowaniem nieruchomo\u015bciami mieszkalnymi, komercyjnymi i publicznymi.<\/p>\n<p>\u221a Kierujemy si\u0119 przede wszystkim zasad\u0105 ochrony interes\u00f3w zleceniodawcy &#8211; w\u0142a\u015bciciela nieruchomo\u015bci na rzecz kt\u00f3rego wykonujemy czynno\u015bci zarz\u0105dzania nieruchomo\u015bci\u0105.<\/p>\n<p>\u221a Szczeg\u00f3\u0142owy zakres naszych obowi\u0105zk\u00f3w ustalamy ka\u017cdorazowo zgodnie z \u017cyczeniem zleceniodawcy i spisany zostaje w umowie o zarz\u0105dzaniu nieruchomo\u015bci\u0105 wed\u0142ug aktualnego stanu prawnego ze szczeg\u00f3lnym uwzgl\u0119dnieniem ustawy o w\u0142asno\u015bci lokali i ustawy o gospodarce nieruchomo\u015bciami.<\/p>\n<p>\u221a Op\u0142aty eksploatacyjne i remontowe ustalone zostan\u0105 przez og\u00f3lne zebranie wsp\u00f3\u0142w\u0142a\u015bcicieli nieruchomo\u015bci w wysoko\u015bci odpowiadaj\u0105cej potrzebom Wsp\u00f3lnoty oraz zgodnej z uchwalonym przez Wsp\u00f3lnot\u0119 planem remontowym.<\/p>\n<h1>W\u0141A\u015aCICIEL<\/h1>\n<p><strong>Ryszard Rawski<\/strong> \u2013 absolwent Politechniki Wroc\u0142awskiej, specjalno\u015b\u0107: urz\u0105dzenia wytw\u00f3rcze i procesy technologiczne oraz absolwent Akademii Ekonomicznej we Wroc\u0142awiu, specjalno\u015b\u0107: ekonomika przemys\u0142u. Studia podyplomowe w zakresie: audyt energetyczny i certyfikacja, rzeczoznawca maj\u0105tkowy, \u00a0po\u015brednik w \u00a0obrocie nieruchomo\u015bciami. Do 2002 r. pracownik naukowo \u2013 dydaktyczny AE Wroc\u0142aw, gdzie zajmowa\u0142 si\u0119 mikroekonomi\u0105, ekonomi\u0105 matematyczn\u0105, teori\u0105 post\u0119pu technicznego oraz problematyk\u0105 zwi\u0105zan\u0105 z teori\u0105 podatk\u00f3w. W latach 2002 \u2013 2003 uczestniczy\u0142 w restrukturyzacji Administracji Dom\u00f3w Mieszkalnych w Lw\u00f3wku \u015al\u0105skim na stanowisku G\u0142\u00f3wnego specjalisty ds. controllingu oraz Zast\u0119pcy Kierownika ADM, zarz\u0105dzaj\u0105c ponad 200 nieruchomo\u015bciami mieszkalnymi, komercyjnymi i publicznymi o \u0142\u0105cznej pow. ponad 90 tys. m2.<\/p>\n<p><strong>Od 2002r. W\u0142a\u015bciciel Firmy Domicus.<\/strong><\/p>\n<p><strong>W\u0142a\u015bciciel<\/strong> uzyska\u0142 licencj\u0119 wg nowych zasad, tj. uko\u0144czy\u0142 specjalistyczny kurs, odby\u0142 6 miesi\u0119czn\u0105 praktyk\u0119 w zarz\u0105dzaniu nieruchomo\u015bciami, przedstawi\u0142 trzy plany zarz\u0105dzania nieruchomo\u015bciami oraz zda\u0142 dwuetapowy egzamin pa\u0144stwowy (licencja w za\u0142\u0105czeniu).<\/p>\n<p><strong>Aktualnie<\/strong> firma DOMICUS zatrudnia 5 os\u00f3b i zarz\u0105dza na terenie Jeleniej G\u00f3ry ponad 40 nieruchomo\u015bciami o charakterze mieszkalnym oraz mieszkalno \u2013 us\u0142ugowym. Domicus wsp\u00f3\u0142pracuje tak\u017ce z firmami remontowo \u2013 budowlanymi w zakresie usuwania awarii i wykonawstwa.<\/p>\n<p><strong>Doradc\u0105<\/strong> firmy DOMICUS jest inspektor nadzoru Krzysztof Rawski.<\/p>\n","protected":false},"excerpt":{"rendered":"<p>Firma DOMICUS Ryszard Rawski zosta\u0142a za\u0142o\u017cona przez osob\u0119 posiadaj\u0105c\u0105 licencj\u0119 zawodow\u0105 nr 11541 w zakresie zarz\u0105dzania nieruchomo\u015bciami zdobyte w trybie pe\u0142nym, po\u015bwiadczonym zdanym egzaminem pa\u0144stwowym. \u221a Oferujemy pe\u0142en zakres us\u0142ug zwi\u0105zanych z zarz\u0105dzaniem i administrowaniem nieruchomo\u015bciami mieszkalnymi, komercyjnymi i publicznymi. &hellip; <a href=\"https:\/\/domicus.com.pl\/index.php\/przykladowa-strona\/\">Czytaj dalej <span class=\"meta-nav\">&rarr;<\/span><\/a><\/p>\n","protected":false},"author":1,"featured_media":0,"parent":0,"menu_order":0,"comment_status":"closed","ping_status":"open","template":"","meta":{"footnotes":""},"class_list":["post-2","page","type-page","status-publish","hentry"],"_links":{"self":[{"href":"https:\/\/domicus.com.pl\/index.php\/wp-json\/wp\/v2\/pages\/2","targetHints":{"allow":["GET"]}}],"collection":[{"href":"https:\/\/domicus.com.pl\/index.php\/wp-json\/wp\/v2\/pages"}],"about":[{"href":"https:\/\/domicus.com.pl\/index.php\/wp-json\/wp\/v2\/types\/page"}],"author":[{"embeddable":true,"href":"https:\/\/domicus.com.pl\/index.php\/wp-json\/wp\/v2\/users\/1"}],"replies":[{"embeddable":true,"href":"https:\/\/domicus.com.pl\/index.php\/wp-json\/wp\/v2\/comments?post=2"}],"version-history":[{"count":3,"href":"https:\/\/domicus.com.pl\/index.php\/wp-json\/wp\/v2\/pages\/2\/revisions"}],"predecessor-version":[{"id":60,"href":"https:\/\/domicus.com.pl\/index.php\/wp-json\/wp\/v2\/pages\/2\/revisions\/60"}],"wp:attachment":[{"href":"https:\/\/domicus.com.pl\/index.php\/wp-json\/wp\/v2\/media?parent=2"}],"curies":[{"name":"wp","href":"https:\/\/api.w.org\/{rel}","templated":true}]}}